{"id":3,"date":"2019-11-19T13:12:30","date_gmt":"2019-11-19T12:12:30","guid":{"rendered":"https:\/\/www.xs-werbeagentur.de\/xs\/?page_id=3"},"modified":"2019-12-21T14:40:33","modified_gmt":"2019-12-21T13:40:33","slug":"datenschutzerklaerung","status":"publish","type":"page","link":"https:\/\/www.xs-werbeagentur.de\/xs\/datenschutzerklaerung\/","title":{"rendered":"Datenschutzerkl\u00e4rung"},"content":{"rendered":"\r\n<h2 class=\"wp-block-heading\">Impressum und Datenschutz<\/h2>\r\n<h4 style=\"text-align: left;\">Anbieter<\/h4>\r\n<p>XS Werbeagentur<br \/>Sabine Nimser<br \/>Wolfgang-Griesst\u00e4tter-Stra\u00dfe 14<br \/>83404 Ainring<\/p>\r\n<p>Telefon 08654\/607344<br \/>info@xs-werbeagentur.de<em><br \/><\/em><\/p>\r\n<h4 style=\"text-align: left;\">Datenschutzhinweis<\/h4>\r\n<p style=\"text-align: justify;\">Ihre personenbezogenen Daten werden von mir\u00a0streng vertraulich behandelt. Sie werden ausschlie\u00dflich f\u00fcr die Kommunikation zwischen Ihnen und mir\u00a0verwendet. Sie werden nicht an Dritte weitergegeben.\u00a0Ich\u00a0weise darauf hin, dass die Daten\u00fcbertragung im Internet Sicherheitsl\u00fccken aufweisen kann. Ein l\u00fcckenloser Schutz der Daten vor dem Zugriff durch Dritte ist nicht m\u00f6glich.<br \/>Der Provider der Seite erhebt und speichert automatisch Informationen in so genannten Server-Log-Files, die Ihr Browser \u00fcbermittelt. Diese Daten werden nicht f\u00fcr andere Zwecke verwendet! Die Internetseite nutzt\u00a0teilweise Cookies, welche auf Ihrem Rechner keinen Schaden anrichten. Sie beschleunigen lediglich das Aufrufen der Seiten bei einem\u00a0erneuten Besuch.<\/p>\r\n<h4>Haftungshinweis<\/h4>\r\n<p style=\"text-align: justify;\">Trotz sorgf\u00e4ltiger inhaltlicher Kontrolle \u00fcbernehme\u00a0ich keine Haftung f\u00fcr die Inhalte externer Links. F\u00fcr den Inhalt der verlinkten Seiten sind ausschlie\u00dflich deren Betreiber verantwortlich.<br \/>Ich\u00a0\u00fcbernehmen keinerlei Gew\u00e4hr f\u00fcr die Aktualit\u00e4t, Korrektheit, Vollst\u00e4ndigkeit oder Qualit\u00e4t der bereitgestellten Informationen. Haftungsanspr\u00fcche gegen mich, welche sich auf Sch\u00e4den materieller oder ideeller Art beziehen, die durch die Nutzung oder Nichtnutzung der dargebotenen Informationen verursacht wurden, sind grunds\u00e4tzlich ausgeschlossen.<br \/>F\u00fcr Datenverluste und Folgesch\u00e4den k\u00f6nnen keine Gew\u00e4hrleistungen \u00fcbernommen werden. Ich hafte\u00a0nicht f\u00fcr etwaige direkte, indirekte verursachte oder gefolgte Sch\u00e4den, die aufgrund der Verwendung oder der Nichtanwendbarkeit der Dateien entstehen, selbst wenn ich\u00a0auf die M\u00f6glichkeit solcher Sch\u00e4den hingewiesen wurde.<\/p>\r\n<h4 style=\"text-align: left;\">Hinweis auf Facebook-Plugin<\/h4>\r\n<p style=\"text-align: justify;\" align=\"left\">Auf dieser Webseite sind Plugins des sozialen Netzwerks Facebook (Anbieter Facebook Inc., 1 Hacker Way, Menlo Park, California 94025, USA), Instagram und Google+ integriert. Die Plugins erkennen Sie an dem Logo des sozialen Netzwerkes oder dem &#8220;Like-Button&#8221; (&#8220;Gef\u00e4llt mir&#8221;). Wenn Sie meine Seite besuchen, wird \u00fcber das Plugin eine direkte Verbindung zwischen Ihren Browser und dem Server des Netzwerks hergestellt. Sie erhalten dadurch die Information, dass Sie mit Ihrer IP-Adresse meine Seite besucht haben. Wenn Sie z.B. den Facebook &#8220;Like-Button&#8221; anklicken, w\u00e4hrend Sie in Ihrem Facebook-Account eingeloggt sind, k\u00f6nnen Sie die Inhalte meiner Seiten auf Ihrem Facebook-Profil verlinken. Dadurch kann Facebook den Besuch dieser Seiten Ihrem Benutzerkonto zuordnen. Ich weise Sie darauf hin, dass ich als Anbieter der Seiten keine Kenntnis vom Inhalt der \u00fcbermittelten Daten sowie deren Nutzung durch die sozialen Netzwerke erhalte. Weitere Informationen hierzu finden Sie in der Datenschutzerkl\u00e4rung der einzelnen Netzwerke.<\/p>\r\n<h4 style=\"text-align: left;\">Hinweis auf Google Analytics:<\/h4>\r\n<p style=\"text-align: justify;\">F\u00fcr meine Webseite benutze ich Google Analytics, einen Webanalysedienst der Google Inc. (\u201eGoogle\u201c). Google Analytics verwendet sog. \u201eCookies\u201c, Textdateien, die auf Ihrem Computer gespeichert werden und die eine Analyse der Benutzung der Website durch Sie erm\u00f6glichen. Die durch den Cookie erzeugten Informationen \u00fcber Ihre Benutzung dieser Website werden in der Regel an einen Server von Google in den USA \u00fcbertragen und dort gespeichert. Im Falle der Aktivierung der IP-Anonymisierung auf dieser Webseite, wird Ihre IP-Adresse von Google jedoch innerhalb von Mitgliedstaaten der Europ\u00e4ischen Union oder in anderen Vertragsstaaten des Abkommens \u00fcber den Europ\u00e4ischen Wirtschaftsraum zuvor gek\u00fcrzt. Nur in Ausnahmef\u00e4llen wird die volle IP-Adresse an einen Server von Google in den USA \u00fcbertragen und dort gek\u00fcrzt. Im Auftrag des Betreibers dieser Website wird Google diese Informationen benutzen, um Ihre Nutzung der Website auszuwerten, um Reports \u00fcber die Websiteaktivit\u00e4ten zusammenzustellen und um weitere mit der Websitenutzung und der Internetnutzung verbundene Dienstleistungen gegen\u00fcber dem Websitebetreiber zu erbringen. Die im Rahmen von Google Analytics von Ihrem Browser \u00fcbermittelte IP-Adresse wird nicht mit anderen Daten von Google zusammengef\u00fchrt. Sie k\u00f6nnen die Speicherung der Cookies durch eine entsprechende Einstellung deiner Browser-Software verhindern. Ich weise jedoch darauf hin, dass Sie in diesem Fall gegebenenfalls nicht s\u00e4mtliche Funktionen dieser Website vollumf\u00e4nglich werden nutzen kannst. Sollten Sie damit nicht einverstanden sein, lege ich Ihnen ans Herz, meine Internetseite nicht weiter zu nutzen.<\/p>\r\n<h4 style=\"text-align: left;\">Einsatz und Verwendung von Jetpack f\u00fcr WordPress:<\/h4>\r\n<p style=\"text-align: justify;\">Ich habe auf dieser Internetseite Jetpack integriert. Jetpack ist ein WordPress-Plug-In, das dem Betreiber einer WordPress-Internetseite zus\u00e4tzliche Funktionen bietet. Jetpack gestattet mir unter anderem eine \u00dcbersicht \u00fcber die Seitenbesucher. Durch die Anzeige von verwandten Beitr\u00e4gen und Publikationen oder die M\u00f6glichkeit, Inhalte auf der Seite zu teilen, ist ferner die Steigerung der Besucherzahlen m\u00f6glich. Dar\u00fcberhinaus sind Sicherheitsfunktionen in Jetpack integriert, sodass eine Jetpack nutzende Internetseite besser gegen Brute-Force-Attacken gesch\u00fctzt ist. Jetpack optimiert und beschleunigt das Laden der Bilder, die sich auf der Internetseite befinden.<br \/>Betreibergesellschaft des Jetpack-Plug-Ins f\u00fcr WordPress ist die Automattic Inc., 132 Hawthorne Street, San Francisco, CA 94107, USA. Die Betreibergesellschaft setzt die Trackingtechnologie der Quantcast Inc., 201 Third Street, San Francisco, CA 94103, USA, ein.<br \/>Jetpack setzt ein Cookie auf dem informationstechnologischen System der betroffenen Person. Durch jeden Aufruf einer der Einzelseiten dieser Internetseite, die durch den f\u00fcr die Verarbeitung Verantwortlichen betrieben wird und auf welcher eine Jetpack-Komponente integriert wurde, wird der Internetbrowser auf dem informationstechnologischen System der betroffenen Person automatisch durch die jeweilige Jetpack-Komponente veranlasst, Daten zur Analysezwecken an Automattic zu \u00fcbermitteln. Im Rahmen dieses technischen Verfahrens erh\u00e4lt Automattic Kenntnis \u00fcber die Daten, die in der Folge zur Erstellung einer \u00dcbersicht der Internetseiten-Besuche verwendet werden. Diese gewonnenen Daten dienen der Analyse des Verhaltens der betroffenen Personen, welche auf die Internetseite des f\u00fcr die Verarbeitung Verantwortlichen zugegriffen haben und werden mit dem Ziel, die Internetseite zu optimieren, ausgewertet. Die \u00fcber die Jetpack-Komponente erhobenen Daten werden nicht ohne eine vorherige Einholung einer gesonderten ausdr\u00fccklichen Einwilligung der betroffenen Person dazu genutzt, die betroffene Person zu identifizieren. Quantcast nutzt die Daten zu den gleichen Zwecken wie Automattic.<br \/>Die betroffene Person kann die Setzung von Cookies durch meine Internetseite, wie oben bereits dargestellt, jederzeit mittels einer entsprechenden Einstellung des genutzten Internetbrowsers verhindern und damit der Setzung von Cookies dauerhaft widersprechen. Eine solche Einstellung des genutzten Internetbrowsers w\u00fcrde auch verhindern, dass Automattic\/Quantcast ein Cookie auf dem informationstechnologischen System der betroffenen Person setzt. Zudem k\u00f6nnen von Automattic bereits gesetzte Cookies jederzeit \u00fcber den Internetbrowser oder andere Softwareprogramme gel\u00f6scht werden.<br \/>Au\u00dferdem besteht f\u00fcr die betroffene Person die M\u00f6glichkeit, einer Erfassung der durch das Jetpack-Cookie erzeugten, auf eine Nutzung dieser Internetseite bezogenen Daten sowie der Verarbeitung dieser Daten durch Automattic\/Quantcast zu widersprechen und eine solche zu verhindern. Hierzu muss die betroffene Person den Opt-Out-Button unter dem Link https:\/\/www.quantcast.com\/opt-out\/ dr\u00fccken, der einen Opt-Out-Cookie setzt. Der mit dem Widerspruch gesetzte Opt-Out-Cookie wird auf dem von der betroffenen Person genutzten informationstechnologischen System abgelegt. Werden die Cookies auf dem System der betroffenen Person nach einem Widerspruch gel\u00f6scht, muss die betroffene Person den Link erneut aufrufen und einen neuen Opt-Out-Cookie setzen.<br \/>Mit der Setzung des Opt-Out-Cookies besteht jedoch die M\u00f6glichkeit, dass meine Internetseiten f\u00fcr die betroffene Person nicht mehr vollumf\u00e4nglich nutzbar sind.<\/p>\r\n<h4 style=\"text-align: left;\">Urheberrechtshinweis<\/h4>\r\n<p style=\"text-align: justify;\">S\u00e4mtliche angebotenen Informationen und Dateien d\u00fcrfen \u2013 auch auszugsweise \u2013 nur mit schriftlicher Genehmigung von mir\u00a0weiterverbreitet oder anderweitig ver\u00f6ffentlicht werden.<\/p>\r\n<h4 style=\"text-align: left;\">Socialmedia<\/h4>\r\n<p style=\"text-align: justify;\">Meine Datenschutzerkl\u00e4rung gilt auch f\u00fcr meine Facebookseite, soweit nicht die Datenschutzregelungen des jeweiligen sozialen Netzwerks ganz oder erg\u00e4nzend gelten. Sofern die betroffene Person bei einem der genannten Netzwerke eingeloggt ist und\/oder meine Seiten oder Profile dort besucht, erhebt und sammelt und verarbeitet dieses Netzwerk Informationen, die dem jeweiligen Nutzer-Account der betroffenen Person zugeordnet werden.<\/p>\r\n<p>&nbsp;<\/p>\r\n<p>&nbsp;<\/p>","protected":false},"excerpt":{"rendered":"<p>Impressum und Datenschutz Anbieter XS WerbeagenturSabine NimserWolfgang-Griesst\u00e4tter-Stra\u00dfe 1483404 Ainring Telefon 08654\/607344info@xs-werbeagentur.de Datenschutzhinweis Ihre personenbezogenen Daten werden von mir\u00a0streng vertraulich behandelt. Sie werden ausschlie\u00dflich f\u00fcr die Kommunikation zwischen Ihnen und mir\u00a0verwendet. Sie werden nicht an Dritte weitergegeben.\u00a0Ich\u00a0weise darauf hin, dass die Daten\u00fcbertragung im Internet Sicherheitsl\u00fccken aufweisen kann. Ein l\u00fcckenloser Schutz der Daten vor dem Zugriff durch [&hellip;]<\/p>\n","protected":false},"author":1,"featured_media":0,"parent":0,"menu_order":0,"comment_status":"closed","ping_status":"open","template":"template-blank.php","meta":{"footnotes":""},"class_list":["post-3","page","type-page","status-publish","hentry"],"_links":{"self":[{"href":"https:\/\/www.xs-werbeagentur.de\/xs\/wp-json\/wp\/v2\/pages\/3","targetHints":{"allow":["GET"]}}],"collection":[{"href":"https:\/\/www.xs-werbeagentur.de\/xs\/wp-json\/wp\/v2\/pages"}],"about":[{"href":"https:\/\/www.xs-werbeagentur.de\/xs\/wp-json\/wp\/v2\/types\/page"}],"author":[{"embeddable":true,"href":"https:\/\/www.xs-werbeagentur.de\/xs\/wp-json\/wp\/v2\/users\/1"}],"replies":[{"embeddable":true,"href":"https:\/\/www.xs-werbeagentur.de\/xs\/wp-json\/wp\/v2\/comments?post=3"}],"version-history":[{"count":12,"href":"https:\/\/www.xs-werbeagentur.de\/xs\/wp-json\/wp\/v2\/pages\/3\/revisions"}],"predecessor-version":[{"id":704,"href":"https:\/\/www.xs-werbeagentur.de\/xs\/wp-json\/wp\/v2\/pages\/3\/revisions\/704"}],"wp:attachment":[{"href":"https:\/\/www.xs-werbeagentur.de\/xs\/wp-json\/wp\/v2\/media?parent=3"}],"curies":[{"name":"wp","href":"https:\/\/api.w.org\/{rel}","templated":true}]}}