{"id":684,"date":"2019-12-20T10:16:15","date_gmt":"2019-12-20T09:16:15","guid":{"rendered":"https:\/\/www.xs-werbeagentur.de\/xs\/?page_id=684"},"modified":"2023-01-04T16:22:38","modified_gmt":"2023-01-04T15:22:38","slug":"interview","status":"publish","type":"page","link":"https:\/\/www.xs-werbeagentur.de\/xs\/interview\/","title":{"rendered":"Interview"},"content":{"rendered":"<h2>Interview<\/h2>\n<h3>mit Sabine Nimser<\/h3>\n<p>&nbsp;<\/p>\n<h5><strong>Worauf legen Sie besonderen Wert bei Ihrer Arbeit?<\/strong><\/h5>\n<p>Mir ist sehr wichtig, individuelle Konzepte zu entwickeln. Jeder Kunde ist anders und sollte seiner Einzigartigkeit auch Ausdruck verleihen. Dabei versetze ich mich in die Philosophie des Kunden bzw. in dessen Zielgruppe hinein. Empathie hat einen hohen Stellenwert bei meinem Job.<\/p>\n<h5><strong>Was unterscheidet Sie von einer gro\u00dfen Agentur?<\/strong><\/h5>\n<p>Ich bin schneller und effektiver, weil ich nicht auf Meetings angewiesen bin, in denen die Aufgaben verteilt werden m\u00fcssen. Auch kann sich mein Kunde sicher sein, dass kein Praktikant oder noch unerfahrener Auszubildender die Layouts erstellt, wie es bei gro\u00dfen Agenturen oft der Fall ist. Bei mir ist die komplette Betreuung Chefsache.<\/p>\n<h5><strong>Das hei\u00dft, Sie haben keine festen Angestellten?<\/strong><\/h5>\n<p>Die XS Werbeagentur ist eine One-Woman-Agentur. Da ich eine zweite Ausbildung im kaufm\u00e4nnischen Bereich absolviert habe, k\u00fcmmere ich mich auch um alle administrativen Arbeiten selbst. Dar\u00fcber hinaus verf\u00fcge ich \u00fcber ein gro\u00dfes Netzwerk aus kompetenten Gesch\u00e4ftskollegen und Experten verschiedener Bereiche.<\/p>\n<h5><strong>Wie w\u00fcrden Sie Ihren Stil beschreiben?<\/strong><\/h5>\n<p>Ich w\u00fcrde meinen Stil als bodenst\u00e4ndig beschreiben, sehr klar strukturiert und \u00fcbersichtlich. Ich lege viel Wert auf gute Typografie. Ich finde, daran erkennt man, ob jemand sein Handwerk versteht oder nicht.<\/p>\n<h5><strong>Wie sieht eine Zusammenarbeit mit Ihnen aus?<\/strong><\/h5>\n<p>Zusammenarbeit bedeutet f\u00fcr mich, dass ich meine Kunden ernst nehme. Dass, wenn sie mal bei etwas Bedenken haben, wir zusammen eine L\u00f6sung finden. Ich lege ihnen nichts vor und sage: friss oder stirb. Mir ist wichtig, dass sie ihre Bedenken und W\u00fcnsche \u00e4u\u00dfern. Ich f\u00fchle mich nicht genervt, wenn meine Kunden nochmal und nochmal und nochmal etwas ge\u00e4ndert haben m\u00f6chten. Meistens dauern diese Arbeitsschritte nur ein paar Minuten.<\/p>\n<h5><strong>Was sch\u00e4tzen Ihre Kunden an Ihnen?<\/strong><\/h5>\n<p>Meine Kunden sch\u00e4tzen die reibungslose Zusammenarbeit, mein schnelles Arbeitstempo und mein l\u00f6sungsorientiertes Denken. &#8220;Geht nicht&#8221; gibt es bei mir nicht.<\/p>\n<h5><strong>Was w\u00fcrden Sie als Ihre charakterlichen St\u00e4rken sehen?<\/strong><\/h5>\n<p>Ich bin sehr zielstrebig. Wenn ich mir etwas vorgenommen habe, gehe ich darin vollkommen auf und m\u00f6chte es am liebsten ohne Unterbrechung zu Ende bringen. Au\u00dferdem bin ich sehr gerechtigkeitsliebend, mein Gewissen k\u00f6nnte nicht mehr schlafen, wenn nicht alles seine Ordnung h\u00e4tte.<\/p>\n<h5><strong>Und was ist Ihre Leidenschaft bei dem, was Sie tun?<\/strong><\/h5>\n<p>Ich habe einen leichten Hang zum Perfektionismus. Erst wenn ich mich in ein Layout verliebt habe, stelle ich es dem Kunden vor. Denn dann wei\u00df ich, dass es wirklich gut und durchdacht ist. Aber zufrieden gebe ich mich erst dann, wenn auch meine Kunden gl\u00fccklich sind. Wenn es dann doch mal \u00c4nderungsw\u00fcnsche gibt, nehme ich diese nicht pers\u00f6nlich, sondern ich mache mich mit neuen Ideen und den W\u00fcnschen des Kunden ans Werk.<\/p>\n<h5><strong>Sie haben ein Buch geschrieben, was hat Sie dazu veranlasst?<\/strong><\/h5>\n<p>Nicht nur ein Buch ;-). &#8220;ABC der Mediengestaltung&#8221; war mein erstes Fachbuch. Es erschien 2002 und war lange Zeit Standardwerk f\u00fcr Auszubildende Mediengestalter. Mein gr\u00f6\u00dftes Ziel war jedoch immer, einen Bestseller im Genre Psychothriller zu schreiben. Inzwischen habe ich auch das erreicht. <\/p>\n<h5><strong>Noch eine letzte Frage. Was w\u00fcrden Sie anders machen, wenn Sie die Zeit zur\u00fcckdrehen k\u00f6nnten?<\/strong><\/h5>\n<p>Das selbe wie bisher. Man handelt doch immer in seiner besten Option und nichts anderes habe ich zu jedem Zeitpunkt getan. Au\u00dferdem ist das Leben auch da, um Probleme zu l\u00f6sen und mal Fehler zu machen, um aus diesen seine Schl\u00fcsse zu ziehen. Alles was ich bisher gemacht habe, hat mich zu dem gemacht, was ich heute bin. Wenn man etwas nachholen m\u00f6chte, dann steht es doch jedem frei, es jetzt zu tun.<\/p>\n","protected":false},"excerpt":{"rendered":"<p>Interview mit Sabine Nimser &nbsp; Worauf legen Sie besonderen Wert bei Ihrer Arbeit? Mir ist sehr wichtig, individuelle Konzepte zu entwickeln. Jeder Kunde ist anders und sollte seiner Einzigartigkeit auch Ausdruck verleihen. Dabei versetze ich mich in die Philosophie des Kunden bzw. in dessen Zielgruppe hinein. Empathie hat einen hohen Stellenwert bei meinem Job. Was [&hellip;]<\/p>\n","protected":false},"author":1,"featured_media":0,"parent":0,"menu_order":0,"comment_status":"closed","ping_status":"closed","template":"template-blank.php","meta":{"footnotes":""},"class_list":["post-684","page","type-page","status-publish","hentry"],"_links":{"self":[{"href":"https:\/\/www.xs-werbeagentur.de\/xs\/wp-json\/wp\/v2\/pages\/684","targetHints":{"allow":["GET"]}}],"collection":[{"href":"https:\/\/www.xs-werbeagentur.de\/xs\/wp-json\/wp\/v2\/pages"}],"about":[{"href":"https:\/\/www.xs-werbeagentur.de\/xs\/wp-json\/wp\/v2\/types\/page"}],"author":[{"embeddable":true,"href":"https:\/\/www.xs-werbeagentur.de\/xs\/wp-json\/wp\/v2\/users\/1"}],"replies":[{"embeddable":true,"href":"https:\/\/www.xs-werbeagentur.de\/xs\/wp-json\/wp\/v2\/comments?post=684"}],"version-history":[{"count":27,"href":"https:\/\/www.xs-werbeagentur.de\/xs\/wp-json\/wp\/v2\/pages\/684\/revisions"}],"predecessor-version":[{"id":846,"href":"https:\/\/www.xs-werbeagentur.de\/xs\/wp-json\/wp\/v2\/pages\/684\/revisions\/846"}],"wp:attachment":[{"href":"https:\/\/www.xs-werbeagentur.de\/xs\/wp-json\/wp\/v2\/media?parent=684"}],"curies":[{"name":"wp","href":"https:\/\/api.w.org\/{rel}","templated":true}]}}